{"id":305,"date":"2025-10-09T08:02:29","date_gmt":"2025-10-09T07:02:29","guid":{"rendered":"https:\/\/esportsmesse.dk\/?page_id=305"},"modified":"2025-10-09T14:00:37","modified_gmt":"2025-10-09T13:00:37","slug":"kontakt-os","status":"publish","type":"page","link":"https:\/\/esportsmesse.dk\/?page_id=305","title":{"rendered":"Kontakt os"},"content":{"rendered":"<p>[et_pb_section fb_built=&#8221;1&#8243; _builder_version=&#8221;4.27.4&#8243; _module_preset=&#8221;default&#8221; global_colors_info=&#8221;{}&#8221;][et_pb_row column_structure=&#8221;1_2,1_2&#8243; _builder_version=&#8221;4.27.4&#8243; _module_preset=&#8221;default&#8221; global_colors_info=&#8221;{}&#8221;][et_pb_column type=&#8221;1_2&#8243; _builder_version=&#8221;4.27.4&#8243; _module_preset=&#8221;default&#8221; global_colors_info=&#8221;{}&#8221;][et_pb_image src=&#8221;https:\/\/esportsmesse.dk\/wp-content\/uploads\/2025\/09\/BCSyd-ESPORT-Logo-byline-orange-1.png&#8221; title_text=&#8221;BCSyd-ESPORT-Logo-byline orange (1)&#8221; _builder_version=&#8221;4.27.4&#8243; _module_preset=&#8221;default&#8221; global_colors_info=&#8221;{}&#8221;][\/et_pb_image][et_pb_text _builder_version=&#8221;4.27.4&#8243; _module_preset=&#8221;default&#8221; custom_padding=&#8221;90px|||19px||&#8221; global_colors_info=&#8221;{}&#8221;]<\/p>\n<p>Har dit firma\/forening\/skole et helt specielt indblik i eSport og br\u00e6nder i for at formidle jeres vision?\u00a0F\u00e5 en stand, workshop eller lokale til jeres form\u00e5l. Sammen kan vi udvikle eSport kulturen p\u00e5 en sund m\u00e5de.<\/p>\n<p>S\u00e5 kontakt os via mail:<\/p>\n<p><a href=\"mailto:esport@bcsyd.dk\">esport@bcsyd.dk<\/a><\/p>\n<p>tlf: 73425525<\/p>\n<p><span><\/span><\/p>\n<p><span>Adresse<br \/>S\u00f8ndre Landevej 30<\/span><br \/><span>6400 S\u00f8nderborg<\/span><\/p>\n<p>&nbsp;<\/p>\n<p>[\/et_pb_text][\/et_pb_column][et_pb_column type=&#8221;1_2&#8243; _builder_version=&#8221;4.27.4&#8243; _module_preset=&#8221;default&#8221; global_colors_info=&#8221;{}&#8221;][et_pb_image src=&#8221;https:\/\/esportsmesse.dk\/wp-content\/uploads\/2025\/09\/Logo-til-t_shirt-1.webp&#8221; title_text=&#8221;Logo-til-t_shirt-1&#8243; align=&#8221;center&#8221; _builder_version=&#8221;4.27.4&#8243; _module_preset=&#8221;default&#8221; width=&#8221;54%&#8221; min_height=&#8221;262.6px&#8221; custom_margin=&#8221;||-27px|||&#8221; custom_padding=&#8221;||0px|||&#8221; global_colors_info=&#8221;{}&#8221;][\/et_pb_image][et_pb_text _builder_version=&#8221;4.27.4&#8243; _module_preset=&#8221;default&#8221; min_height=&#8221;257.8px&#8221; custom_padding=&#8221;39px|||||&#8221; global_colors_info=&#8221;{}&#8221;]<\/p>\n<p data-start=\"175\" data-end=\"338\">S\u00f8nderborg eSport st\u00e5r for de frivillige kr\u00e6fter bag Esportsmessen og hj\u00e6lper med at skabe en sp\u00e6ndende og velorganiseret dag fyldt med gaming og f\u00e6llesskab.<\/p>\n<p data-start=\"340\" data-end=\"514\">Har du en id\u00e9 eller aktivitet i foreningsregi, som kunne passe ind p\u00e5 messen \u2013 eller \u00f8nsker du at v\u00e6re en del af teamet som frivillig \u2013 s\u00e5 h\u00f8rer vi meget gerne fra dig!<\/p>\n<p data-start=\"340\" data-end=\"514\">Kontakt os via mail eller telefon:<br \/><a href=\"mailto:info@sonderborgesport.com\"><\/a><\/p>\n<p data-start=\"340\" data-end=\"514\"><a href=\"mailto:info@sonderborgesport.com\">info@sonderborgesport.com<\/a><\/p>\n<p data-start=\"340\" data-end=\"514\">tlf: 41109699<\/p>\n<p data-start=\"340\" data-end=\"514\">\n<p>[\/et_pb_text][\/et_pb_column][\/et_pb_row][\/et_pb_section]<\/p>\n","protected":false},"excerpt":{"rendered":"<p>Har dit firma\/forening\/skole et helt specielt indblik i eSport og br\u00e6nder i for at formidle jeres vision?\u00a0F\u00e5 en stand, workshop eller lokale til jeres form\u00e5l. Sammen kan vi udvikle eSport kulturen p\u00e5 en sund m\u00e5de. S\u00e5 kontakt os via mail: esport@bcsyd.dk tlf: 73425525 AdresseS\u00f8ndre Landevej 306400 S\u00f8nderborg &nbsp;S\u00f8nderborg eSport st\u00e5r for de frivillige kr\u00e6fter bag [&hellip;]<\/p>\n","protected":false},"author":2,"featured_media":0,"parent":0,"menu_order":0,"comment_status":"closed","ping_status":"closed","template":"","meta":{"_et_pb_use_builder":"on","_et_pb_old_content":"","_et_gb_content_width":"","_monsterinsights_skip_tracking":false,"_monsterinsights_sitenote_active":false,"_monsterinsights_sitenote_note":"","_monsterinsights_sitenote_category":0,"footnotes":""},"class_list":["post-305","page","type-page","status-publish","hentry"],"_links":{"self":[{"href":"https:\/\/esportsmesse.dk\/index.php?rest_route=\/wp\/v2\/pages\/305","targetHints":{"allow":["GET"]}}],"collection":[{"href":"https:\/\/esportsmesse.dk\/index.php?rest_route=\/wp\/v2\/pages"}],"about":[{"href":"https:\/\/esportsmesse.dk\/index.php?rest_route=\/wp\/v2\/types\/page"}],"author":[{"embeddable":true,"href":"https:\/\/esportsmesse.dk\/index.php?rest_route=\/wp\/v2\/users\/2"}],"replies":[{"embeddable":true,"href":"https:\/\/esportsmesse.dk\/index.php?rest_route=%2Fwp%2Fv2%2Fcomments&post=305"}],"version-history":[{"count":10,"href":"https:\/\/esportsmesse.dk\/index.php?rest_route=\/wp\/v2\/pages\/305\/revisions"}],"predecessor-version":[{"id":322,"href":"https:\/\/esportsmesse.dk\/index.php?rest_route=\/wp\/v2\/pages\/305\/revisions\/322"}],"wp:attachment":[{"href":"https:\/\/esportsmesse.dk\/index.php?rest_route=%2Fwp%2Fv2%2Fmedia&parent=305"}],"curies":[{"name":"wp","href":"https:\/\/api.w.org\/{rel}","templated":true}]}}