{"id":297,"date":"2025-10-09T07:34:39","date_gmt":"2025-10-09T06:34:39","guid":{"rendered":"https:\/\/esportsmesse.dk\/?page_id=297"},"modified":"2025-10-09T07:37:45","modified_gmt":"2025-10-09T06:37:45","slug":"om-os","status":"publish","type":"page","link":"https:\/\/esportsmesse.dk\/?page_id=297","title":{"rendered":"Om os"},"content":{"rendered":"<p>[et_pb_section fb_built=&#8221;1&#8243; _builder_version=&#8221;4.27.4&#8243; _module_preset=&#8221;default&#8221; global_colors_info=&#8221;{}&#8221;][et_pb_row column_structure=&#8221;1_3,1_3,1_3&#8243; _builder_version=&#8221;4.27.4&#8243; _module_preset=&#8221;default&#8221; global_colors_info=&#8221;{}&#8221;][et_pb_column type=&#8221;1_3&#8243; _builder_version=&#8221;4.27.4&#8243; _module_preset=&#8221;default&#8221; global_colors_info=&#8221;{}&#8221;][et_pb_image src=&#8221;https:\/\/esportsmesse.dk\/wp-content\/uploads\/2025\/09\/IMG_2230-scaled.jpg&#8221; title_text=&#8221;IMG_2230&#8243; _builder_version=&#8221;4.27.4&#8243; _module_preset=&#8221;default&#8221; global_colors_info=&#8221;{}&#8221;][\/et_pb_image][\/et_pb_column][et_pb_column type=&#8221;1_3&#8243; _builder_version=&#8221;4.27.4&#8243; _module_preset=&#8221;default&#8221; global_colors_info=&#8221;{}&#8221;][et_pb_image src=&#8221;https:\/\/esportsmesse.dk\/wp-content\/uploads\/2025\/09\/IMG_2154-scaled.jpg&#8221; title_text=&#8221;IMG_2154&#8243; _builder_version=&#8221;4.27.4&#8243; _module_preset=&#8221;default&#8221; global_colors_info=&#8221;{}&#8221;][\/et_pb_image][\/et_pb_column][et_pb_column type=&#8221;1_3&#8243; _builder_version=&#8221;4.27.4&#8243; _module_preset=&#8221;default&#8221; global_colors_info=&#8221;{}&#8221;][et_pb_image src=&#8221;https:\/\/esportsmesse.dk\/wp-content\/uploads\/2025\/09\/IMG_2168-scaled.jpg&#8221; title_text=&#8221;IMG_2168&#8243; _builder_version=&#8221;4.27.4&#8243; _module_preset=&#8221;default&#8221; global_colors_info=&#8221;{}&#8221;][\/et_pb_image][\/et_pb_column][\/et_pb_row][et_pb_row _builder_version=&#8221;4.27.4&#8243; _module_preset=&#8221;default&#8221; global_colors_info=&#8221;{}&#8221;][et_pb_column type=&#8221;4_4&#8243; _builder_version=&#8221;4.27.4&#8243; _module_preset=&#8221;default&#8221; global_colors_info=&#8221;{}&#8221;][et_pb_text _builder_version=&#8221;4.27.4&#8243; _module_preset=&#8221;default&#8221; global_colors_info=&#8221;{}&#8221;]<\/p>\n<h1>Om eSportmessen S\u00f8nderborg<\/h1>\n<p>[\/et_pb_text][et_pb_text _builder_version=&#8221;4.27.4&#8243; _module_preset=&#8221;default&#8221; global_colors_info=&#8221;{}&#8221;]<\/p>\n<p data-start=\"312\" data-end=\"463\">Esportsmessen S\u00f8nderborg er et samarbejde mellem Business College Syd og S\u00f8nderborg eSport, hvor vi samler hele gaminguniverset under \u00e9t tag!<\/p>\n<p data-start=\"465\" data-end=\"820\">Dagen byder p\u00e5 aktiviteter, turneringer og sp\u00e6ndende stande, hvor b\u00e5de gamere, for\u00e6ldre, undervisere og nysgerrige kan opleve alt det nyeste inden for eSport, teknologi og digital kultur.<br data-start=\"656\" data-end=\"659\" \/>Her kan du pr\u00f8ve kr\u00e6fter med spil, m\u00f8de lokale foreninger, udfordre vennerne i turneringer \u2013 eller bare nyde stemningen blandt ligesindede gaminginteresserede.<\/p>\n<p data-start=\"822\" data-end=\"960\">Der vil v\u00e6re massere af turneringer p\u00e5 dagen, s\u00e5 du kan f\u00f8lge med, n\u00e5r deltagerne k\u00e6mper om sejren i nogle af de mest popul\u00e6re spil.<\/p>\n<p data-start=\"962\" data-end=\"1204\">Esportsmessen handler ikke kun om spil \u2013 det handler om f\u00e6llesskab, viden og oplevelser.<br data-start=\"1054\" data-end=\"1057\" \/>Vi skaber et rum, hvor man kan m\u00f8des p\u00e5 tv\u00e6rs af alder og interesse, dele passionen for gaming og blive inspireret af eSportens mange muligheder.<\/p>\n<p data-start=\"1206\" data-end=\"1409\">Tidligere \u00e5r har vi haft bes\u00f8g af profiler som Nikolaj Sonne, Jakob Stegelmann (<em data-start=\"1294\" data-end=\"1308\">Troldspejlet<\/em>), Pimp, Politiets Online Patrulje, Jaxstyle, Robinsamse, Maxsa og mange flere.<\/p>\n<p data-start=\"1411\" data-end=\"1541\">Gl\u00e6d dig til endnu flere fantastiske dage, hvor gaming, teknologi og f\u00e6llesskab g\u00e5r op i en h\u00f8jere enhed \u2013 lige her i S\u00f8nderborg p\u00e5 Business College Syd!<\/p>\n<p>[\/et_pb_text][\/et_pb_column][\/et_pb_row][et_pb_row _builder_version=&#8221;4.27.4&#8243; _module_preset=&#8221;default&#8221; column_structure=&#8221;1_2,1_2&#8243;][et_pb_column _builder_version=&#8221;4.27.4&#8243; _module_preset=&#8221;default&#8221; type=&#8221;1_2&#8243;][et_pb_image src=&#8221;https:\/\/esportsmesse.dk\/wp-content\/uploads\/2025\/09\/BCSyd-ESPORT-Logo-byline-orange-1.png&#8221; _builder_version=&#8221;4.27.4&#8243; _module_preset=&#8221;default&#8221; title_text=&#8221;BCSyd-ESPORT-Logo-byline orange (1)&#8221; hover_enabled=&#8221;0&#8243; sticky_enabled=&#8221;0&#8243;][\/et_pb_image][\/et_pb_column][et_pb_column _builder_version=&#8221;4.27.4&#8243; _module_preset=&#8221;default&#8221; type=&#8221;1_2&#8243;][et_pb_image src=&#8221;https:\/\/esportsmesse.dk\/wp-content\/uploads\/2025\/09\/Logo-til-t_shirt-1.webp&#8221; _builder_version=&#8221;4.27.4&#8243; _module_preset=&#8221;default&#8221; title_text=&#8221;Logo-til-t_shirt-1&#8243; width=&#8221;45%&#8221; align=&#8221;center&#8221; hover_enabled=&#8221;0&#8243; sticky_enabled=&#8221;0&#8243;][\/et_pb_image][\/et_pb_column][\/et_pb_row][\/et_pb_section]<\/p>\n","protected":false},"excerpt":{"rendered":"<p>Om eSportmessen S\u00f8nderborgEsportsmessen S\u00f8nderborg er et samarbejde mellem Business College Syd og S\u00f8nderborg eSport, hvor vi samler hele gaminguniverset under \u00e9t tag! Dagen byder p\u00e5 aktiviteter, turneringer og sp\u00e6ndende stande, hvor b\u00e5de gamere, for\u00e6ldre, undervisere og nysgerrige kan opleve alt det nyeste inden for eSport, teknologi og digital kultur.Her kan du pr\u00f8ve kr\u00e6fter med spil, [&hellip;]<\/p>\n","protected":false},"author":2,"featured_media":0,"parent":0,"menu_order":0,"comment_status":"closed","ping_status":"closed","template":"","meta":{"_et_pb_use_builder":"on","_et_pb_old_content":"","_et_gb_content_width":"","_monsterinsights_skip_tracking":false,"_monsterinsights_sitenote_active":false,"_monsterinsights_sitenote_note":"","_monsterinsights_sitenote_category":0,"footnotes":""},"class_list":["post-297","page","type-page","status-publish","hentry"],"_links":{"self":[{"href":"https:\/\/esportsmesse.dk\/index.php?rest_route=\/wp\/v2\/pages\/297","targetHints":{"allow":["GET"]}}],"collection":[{"href":"https:\/\/esportsmesse.dk\/index.php?rest_route=\/wp\/v2\/pages"}],"about":[{"href":"https:\/\/esportsmesse.dk\/index.php?rest_route=\/wp\/v2\/types\/page"}],"author":[{"embeddable":true,"href":"https:\/\/esportsmesse.dk\/index.php?rest_route=\/wp\/v2\/users\/2"}],"replies":[{"embeddable":true,"href":"https:\/\/esportsmesse.dk\/index.php?rest_route=%2Fwp%2Fv2%2Fcomments&post=297"}],"version-history":[{"count":6,"href":"https:\/\/esportsmesse.dk\/index.php?rest_route=\/wp\/v2\/pages\/297\/revisions"}],"predecessor-version":[{"id":304,"href":"https:\/\/esportsmesse.dk\/index.php?rest_route=\/wp\/v2\/pages\/297\/revisions\/304"}],"wp:attachment":[{"href":"https:\/\/esportsmesse.dk\/index.php?rest_route=%2Fwp%2Fv2%2Fmedia&parent=297"}],"curies":[{"name":"wp","href":"https:\/\/api.w.org\/{rel}","templated":true}]}}