{"id":231,"date":"2025-10-06T15:20:29","date_gmt":"2025-10-06T14:20:29","guid":{"rendered":"https:\/\/esportsmesse.dk\/?page_id=231"},"modified":"2025-10-06T15:20:29","modified_gmt":"2025-10-06T14:20:29","slug":"counter-strike-1v1","status":"publish","type":"page","link":"https:\/\/esportsmesse.dk\/?page_id=231","title":{"rendered":"Counter Strike 1v1"},"content":{"rendered":"\n[et_pb_section fb_built=&#8221;1&#8243; theme_builder_area=&#8221;post_content&#8221; _builder_version=&#8221;4.27.4&#8243; _module_preset=&#8221;default&#8221;][et_pb_row _builder_version=&#8221;4.27.4&#8243; _module_preset=&#8221;default&#8221; theme_builder_area=&#8221;post_content&#8221; hover_enabled=&#8221;0&#8243; sticky_enabled=&#8221;0&#8243;][et_pb_column _builder_version=&#8221;4.27.4&#8243; _module_preset=&#8221;default&#8221; type=&#8221;4_4&#8243; theme_builder_area=&#8221;post_content&#8221;][et_pb_text _builder_version=&#8221;4.27.4&#8243; _module_preset=&#8221;default&#8221; theme_builder_area=&#8221;post_content&#8221; hover_enabled=&#8221;0&#8243; sticky_enabled=&#8221;0&#8243;]<h1><strong>Counter Strike 1v1 regler<\/strong><\/h1>\n<p><strong><\/strong><\/p>\n<p>\u00a71. Generelt<br \/>1.1 Alle spillere skal v\u00e6re til stede ved S\u00f8nderborg Esportmesse for at kunne deltage i<br \/>konkurrencen.<br \/>1.2 Der spilles 1v1.<br \/>1.3 Turneringsformen er Single elimination.<br \/>1.4 I enhver tvivlssituation skal en Gamemaster tilkaldes, og denne har altid sidste ord.<br \/>\u00a72. Afvikling af spil<br \/>2.1 Der laves en veto mellem spillets 4 maps.<br \/>2.2a Map v\u00e6lges p\u00e5 f\u00f8lgende m\u00e5de:<br \/>\u2022 Spiller A banner et map<br \/>\u2022 Spiller B banner et map<br \/>\u2022 Spiller A v\u00e6lger et map<br \/>\u2022 Spiller B v\u00e6lger side at starte p\u00e5<br \/>2.2b Spiller A er det hold der st\u00e5r \u00f8verst i bracket<br \/>2.3 Ved uafgjort spilles der overtime indtil en vinder er fundet.<br \/>2.4 Vinderen st\u00e5r for at rapporterer til en Gamemaster om score.<br \/>\u00a7 3 Udstyr<br \/>3.1 Man spiller p\u00e5 messens computer, men er velkommen til at bringe eget udstyr (tastatur, mus,<br \/>headset)<\/p>[\/et_pb_text][\/et_pb_column][\/et_pb_row][\/et_pb_section]\n","protected":false},"excerpt":{"rendered":"<p>Counter Strike 1v1 regler \u00a71. Generelt1.1 Alle spillere skal v\u00e6re til stede ved S\u00f8nderborg Esportmesse for at kunne deltage ikonkurrencen.1.2 Der spilles 1v1.1.3 Turneringsformen er Single elimination.1.4 I enhver tvivlssituation skal en Gamemaster tilkaldes, og denne har altid sidste ord.\u00a72. Afvikling af spil2.1 Der laves en veto mellem spillets 4 maps.2.2a Map v\u00e6lges p\u00e5 f\u00f8lgende [&hellip;]<\/p>\n","protected":false},"author":2,"featured_media":0,"parent":0,"menu_order":0,"comment_status":"closed","ping_status":"closed","template":"","meta":{"_et_pb_use_builder":"on","_et_pb_old_content":"","_et_gb_content_width":"","_monsterinsights_skip_tracking":false,"_monsterinsights_sitenote_active":false,"_monsterinsights_sitenote_note":"","_monsterinsights_sitenote_category":0,"footnotes":""},"class_list":["post-231","page","type-page","status-publish","hentry"],"_links":{"self":[{"href":"https:\/\/esportsmesse.dk\/index.php?rest_route=\/wp\/v2\/pages\/231","targetHints":{"allow":["GET"]}}],"collection":[{"href":"https:\/\/esportsmesse.dk\/index.php?rest_route=\/wp\/v2\/pages"}],"about":[{"href":"https:\/\/esportsmesse.dk\/index.php?rest_route=\/wp\/v2\/types\/page"}],"author":[{"embeddable":true,"href":"https:\/\/esportsmesse.dk\/index.php?rest_route=\/wp\/v2\/users\/2"}],"replies":[{"embeddable":true,"href":"https:\/\/esportsmesse.dk\/index.php?rest_route=%2Fwp%2Fv2%2Fcomments&post=231"}],"version-history":[{"count":4,"href":"https:\/\/esportsmesse.dk\/index.php?rest_route=\/wp\/v2\/pages\/231\/revisions"}],"predecessor-version":[{"id":235,"href":"https:\/\/esportsmesse.dk\/index.php?rest_route=\/wp\/v2\/pages\/231\/revisions\/235"}],"wp:attachment":[{"href":"https:\/\/esportsmesse.dk\/index.php?rest_route=%2Fwp%2Fv2%2Fmedia&parent=231"}],"curies":[{"name":"wp","href":"https:\/\/api.w.org\/{rel}","templated":true}]}}