{"id":2,"date":"2025-09-17T13:18:23","date_gmt":"2025-09-17T13:18:23","guid":{"rendered":"https:\/\/esportsmesse.dk\/?page_id=2"},"modified":"2025-10-06T16:31:26","modified_gmt":"2025-10-06T15:31:26","slug":"turneringer","status":"publish","type":"page","link":"https:\/\/esportsmesse.dk\/?page_id=2","title":{"rendered":"Turneringer"},"content":{"rendered":"<p>[et_pb_section fb_built=&#8221;1&#8243; _builder_version=&#8221;4.16&#8243; global_colors_info=&#8221;{}&#8221;][et_pb_row _builder_version=&#8221;4.16&#8243; background_size=&#8221;initial&#8221; background_position=&#8221;top_left&#8221; background_repeat=&#8221;repeat&#8221; global_colors_info=&#8221;{}&#8221;][et_pb_column type=&#8221;4_4&#8243; _builder_version=&#8221;4.16&#8243; custom_padding=&#8221;|||&#8221; global_colors_info=&#8221;{}&#8221; custom_padding__hover=&#8221;|||&#8221;][et_pb_heading title=&#8221;Turneringer og aktiviteter&#8221; _builder_version=&#8221;4.27.4&#8243; _module_preset=&#8221;default&#8221; global_colors_info=&#8221;{}&#8221;][\/et_pb_heading][\/et_pb_column][\/et_pb_row][et_pb_row column_structure=&#8221;1_3,1_3,1_3&#8243; _builder_version=&#8221;4.27.4&#8243; _module_preset=&#8221;default&#8221; custom_padding=&#8221;||21px|||&#8221; locked=&#8221;off&#8221; global_colors_info=&#8221;{}&#8221;][et_pb_column type=&#8221;1_3&#8243; _builder_version=&#8221;4.27.4&#8243; _module_preset=&#8221;default&#8221; global_colors_info=&#8221;{}&#8221;][et_pb_image src=&#8221;https:\/\/esportsmesse.dk\/wp-content\/uploads\/2025\/09\/counter-strike-2-pc-mac-spil-steam-cover.jpg&#8221; title_text=&#8221;counter-strike-2-pc-mac-spil-steam-cover&#8221; _builder_version=&#8221;4.27.4&#8243; _module_preset=&#8221;default&#8221; min_height=&#8221;189.8px&#8221; global_colors_info=&#8221;{}&#8221;][\/et_pb_image][et_pb_text _builder_version=&#8221;4.27.4&#8243; _module_preset=&#8221;default&#8221; min_height=&#8221;127.2px&#8221; global_colors_info=&#8221;{}&#8221;]<\/p>\n<p>Der bliver spillet en 2on2 turnering i Counter Strike 2.<br \/>Der er pr\u00e6mier til top 3.<\/p>\n<p><a href=\"https:\/\/esportsmesse.dk\/?page_id=190\">L\u00e6s mere her<\/a><\/p>\n<p>[\/et_pb_text][\/et_pb_column][et_pb_column type=&#8221;1_3&#8243; _builder_version=&#8221;4.27.4&#8243; _module_preset=&#8221;default&#8221; global_colors_info=&#8221;{}&#8221;][et_pb_image src=&#8221;https:\/\/esportsmesse.dk\/wp-content\/uploads\/2025\/09\/06ed9842-559c-47ec-a705-fe0eb49a80de.png&#8221; title_text=&#8221;06ed9842-559c-47ec-a705-fe0eb49a80de&#8221; _builder_version=&#8221;4.27.4&#8243; _module_preset=&#8221;default&#8221; width=&#8221;62%&#8221; module_alignment=&#8221;center&#8221; min_height=&#8221;134.6px&#8221; custom_margin=&#8221;||32px|||&#8221; custom_padding=&#8221;0px||0px|||&#8221; global_colors_info=&#8221;{}&#8221;][\/et_pb_image][et_pb_text _builder_version=&#8221;4.27.4&#8243; _module_preset=&#8221;default&#8221; min_height=&#8221;101.2px&#8221; custom_margin=&#8221;-9px|||||&#8221; custom_padding=&#8221;0px|||||&#8221; global_colors_info=&#8221;{}&#8221;]<\/p>\n<p>Der bliver afholdt 2 Minecraft turneringer, i 2 forskellige temaer, hvor ComKean kommer og kommentere og udn\u00e6vner vinderne af konkurrencerne<strong><\/strong><\/p>\n<p><a href=\"https:\/\/esportsmesse.dk\/?page_id=219\">L\u00e6s mere her<\/a><\/p>\n<p>&nbsp;<\/p>\n<p>[\/et_pb_text][\/et_pb_column][et_pb_column type=&#8221;1_3&#8243; _builder_version=&#8221;4.27.4&#8243; _module_preset=&#8221;default&#8221; global_colors_info=&#8221;{}&#8221;][et_pb_image src=&#8221;https:\/\/esportsmesse.dk\/wp-content\/uploads\/2025\/09\/images.jpg&#8221; title_text=&#8221;images&#8221; _builder_version=&#8221;4.27.4&#8243; _module_preset=&#8221;default&#8221; min_height=&#8221;125.9px&#8221; custom_padding=&#8221;58px||0px|||&#8221; global_colors_info=&#8221;{}&#8221;][\/et_pb_image][et_pb_text _builder_version=&#8221;4.27.4&#8243; _module_preset=&#8221;default&#8221; global_colors_info=&#8221;{}&#8221;]<\/p>\n<p>Gratis deltage for alle bes\u00f8gende<br \/>Flest kills t\u00e6ller &#8211; Victory royale giver +5 point <br \/>Fede pr\u00e6mier til top 3!<\/p>\n<p><a href=\"https:\/\/esportsmesse.dk\/?page_id=167\">L\u00e6s mere her<\/a><\/p>\n<p>&nbsp;<\/p>\n<p>[\/et_pb_text][\/et_pb_column][\/et_pb_row][et_pb_row column_structure=&#8221;1_3,1_3,1_3&#8243; _builder_version=&#8221;4.27.4&#8243; _module_preset=&#8221;default&#8221; global_colors_info=&#8221;{}&#8221;][et_pb_column type=&#8221;1_3&#8243; _builder_version=&#8221;4.27.4&#8243; _module_preset=&#8221;default&#8221; global_colors_info=&#8221;{}&#8221;][et_pb_image src=&#8221;https:\/\/esportsmesse.dk\/wp-content\/uploads\/2025\/09\/counter-strike-2-pc-mac-spil-steam-cover.jpg&#8221; title_text=&#8221;counter-strike-2-pc-mac-spil-steam-cover&#8221; _builder_version=&#8221;4.27.4&#8243; _module_preset=&#8221;default&#8221; global_colors_info=&#8221;{}&#8221;][\/et_pb_image][et_pb_text _builder_version=&#8221;4.27.4&#8243; _module_preset=&#8221;default&#8221; global_colors_info=&#8221;{}&#8221;]<\/p>\n<p>Der bliver spillet en 1vs1 turnering i Counter Strike 2.<br \/>Der er pr\u00e6mier til top 3.<\/p>\n<p><a href=\"https:\/\/esportsmesse.dk\/?page_id=231\">L\u00e6s mere her<\/a><\/p>\n<p>&nbsp;<\/p>\n<p>[\/et_pb_text][\/et_pb_column][et_pb_column type=&#8221;1_3&#8243; _builder_version=&#8221;4.27.4&#8243; _module_preset=&#8221;default&#8221; global_colors_info=&#8221;{}&#8221;][et_pb_image src=&#8221;https:\/\/esportsmesse.dk\/wp-content\/uploads\/2025\/10\/maxresdefault.jpg&#8221; title_text=&#8221;maxresdefault&#8221; _builder_version=&#8221;4.27.4&#8243; _module_preset=&#8221;default&#8221; global_colors_info=&#8221;{}&#8221;][\/et_pb_image][et_pb_text _builder_version=&#8221;4.27.4&#8243; _module_preset=&#8221;default&#8221; global_colors_info=&#8221;{}&#8221;]<\/p>\n<p>Der bliver spillet 2 turneringer i FC 26\u00a0<\/p>\n<p>1. turnering 10:45 &#8211; 14:00<\/p>\n<p>2. turnering: 14:30 &#8211; 17:45<\/p>\n<p>Tilmelding sker p\u00e5 dagen nede ved fifa omr\u00e5det<\/p>\n<p><a href=\"https:\/\/esportsmesse.dk\/?page_id=197\">L\u00e6s mere her<\/a><\/p>\n<p>[\/et_pb_text][\/et_pb_column][et_pb_column type=&#8221;1_3&#8243; _builder_version=&#8221;4.27.4&#8243; _module_preset=&#8221;default&#8221; global_colors_info=&#8221;{}&#8221;][et_pb_image src=&#8221;https:\/\/esportsmesse.dk\/wp-content\/uploads\/2025\/10\/rl_evergreen-BuFUX3Ml.jpg&#8221; title_text=&#8221;rl_evergreen-BuFUX3Ml&#8221; _builder_version=&#8221;4.27.4&#8243; _module_preset=&#8221;default&#8221; global_colors_info=&#8221;{}&#8221;][\/et_pb_image][et_pb_text _builder_version=&#8221;4.27.4&#8243; _module_preset=&#8221;default&#8221; global_colors_info=&#8221;{}&#8221;]<\/p>\n<p>Der bliver spillet 2 Rocket League turneringer.<\/p>\n<p>Turnering 1: 11:00 &#8211; 13:30<\/p>\n<p>Turnering 2: 14:00 &#8211; 17:00<\/p>\n<p>Tilmelding ved Rocket League omr\u00e5det<\/p>\n<p><a href=\"https:\/\/esportsmesse.dk\/?page_id=236\">L\u00e6s mere her<\/a><\/p>\n<p>&nbsp;<\/p>\n<p>[\/et_pb_text][\/et_pb_column][\/et_pb_row][et_pb_row column_structure=&#8221;1_3,1_3,1_3&#8243; _builder_version=&#8221;4.27.4&#8243; _module_preset=&#8221;default&#8221; global_colors_info=&#8221;{}&#8221;][et_pb_column type=&#8221;1_3&#8243; _builder_version=&#8221;4.27.4&#8243; _module_preset=&#8221;default&#8221; global_colors_info=&#8221;{}&#8221;][et_pb_image src=&#8221;https:\/\/esportsmesse.dk\/wp-content\/uploads\/2025\/10\/mtsocial.png&#8221; title_text=&#8221;mtsocial&#8221; _builder_version=&#8221;4.27.4&#8243; _module_preset=&#8221;default&#8221; global_colors_info=&#8221;{}&#8221;][\/et_pb_image][et_pb_text _builder_version=&#8221;4.27.4&#8243; _module_preset=&#8221;default&#8221; global_colors_info=&#8221;{}&#8221;]<\/p>\n<p>Turneringen k\u00f8rer som <strong data-start=\"22\" data-end=\"33\">drop-in<\/strong> hele dagen \u2013 kom forbi n\u00e5r som helst og test dine tasteskills i <strong data-start=\"98\" data-end=\"112\">Monkeytype<\/strong>! \u2328\ufe0f\ud83d\udd25<\/p>\n<p>[\/et_pb_text][\/et_pb_column][et_pb_column type=&#8221;1_3&#8243; _builder_version=&#8221;4.27.4&#8243; _module_preset=&#8221;default&#8221; global_colors_info=&#8221;{}&#8221;][\/et_pb_column][et_pb_column type=&#8221;1_3&#8243; _builder_version=&#8221;4.27.4&#8243; _module_preset=&#8221;default&#8221; global_colors_info=&#8221;{}&#8221;][\/et_pb_column][\/et_pb_row][\/et_pb_section]<\/p>\n","protected":false},"excerpt":{"rendered":"<p>Der bliver spillet en 2on2 turnering i Counter Strike 2.Der er pr\u00e6mier til top 3. L\u00e6s mere herDer bliver afholdt 2 Minecraft turneringer, i 2 forskellige temaer, hvor ComKean kommer og kommentere og udn\u00e6vner vinderne af konkurrencerne L\u00e6s mere her &nbsp;Gratis deltage for alle bes\u00f8gendeFlest kills t\u00e6ller &#8211; Victory royale giver +5 point Fede pr\u00e6mier [&hellip;]<\/p>\n","protected":false},"author":1,"featured_media":0,"parent":0,"menu_order":0,"comment_status":"closed","ping_status":"closed","template":"","meta":{"_et_pb_use_builder":"on","_et_pb_old_content":"<!-- wp:paragraph -->\n<p>This is an example page. It's different from a blog post because it will stay in one place and will show up in your site navigation (in most themes). Most people start with an About page that introduces them to potential site visitors. It might say something like this:<\/p>\n<!-- \/wp:paragraph -->\n\n<!-- wp:quote -->\n<blockquote class=\"wp-block-quote\"><p>Hi there! I'm a bike messenger by day, aspiring actor by night, and this is my website. I live in Los Angeles, have a great dog named Jack, and I like pi&#241;a coladas. (And gettin' caught in the rain.)<\/p><\/blockquote>\n<!-- \/wp:quote -->\n\n<!-- wp:paragraph -->\n<p>...or something like this:<\/p>\n<!-- \/wp:paragraph -->\n\n<!-- wp:quote -->\n<blockquote class=\"wp-block-quote\"><p>The XYZ Doohickey Company was founded in 1971, and has been providing quality doohickeys to the public ever since. Located in Gotham City, XYZ employs over 2,000 people and does all kinds of awesome things for the Gotham community.<\/p><\/blockquote>\n<!-- \/wp:quote -->\n\n<!-- wp:paragraph -->\n<p>As a new WordPress user, you should go to <a href=\"https:\/\/esportsmesse.dk\/wp-admin\/\">your dashboard<\/a> to delete this page and create new pages for your content. Have fun!<\/p>\n<!-- \/wp:paragraph -->","_et_gb_content_width":"","_monsterinsights_skip_tracking":false,"_monsterinsights_sitenote_active":false,"_monsterinsights_sitenote_note":"","_monsterinsights_sitenote_category":0,"footnotes":""},"class_list":["post-2","page","type-page","status-publish","hentry"],"_links":{"self":[{"href":"https:\/\/esportsmesse.dk\/index.php?rest_route=\/wp\/v2\/pages\/2","targetHints":{"allow":["GET"]}}],"collection":[{"href":"https:\/\/esportsmesse.dk\/index.php?rest_route=\/wp\/v2\/pages"}],"about":[{"href":"https:\/\/esportsmesse.dk\/index.php?rest_route=\/wp\/v2\/types\/page"}],"author":[{"embeddable":true,"href":"https:\/\/esportsmesse.dk\/index.php?rest_route=\/wp\/v2\/users\/1"}],"replies":[{"embeddable":true,"href":"https:\/\/esportsmesse.dk\/index.php?rest_route=%2Fwp%2Fv2%2Fcomments&post=2"}],"version-history":[{"count":16,"href":"https:\/\/esportsmesse.dk\/index.php?rest_route=\/wp\/v2\/pages\/2\/revisions"}],"predecessor-version":[{"id":245,"href":"https:\/\/esportsmesse.dk\/index.php?rest_route=\/wp\/v2\/pages\/2\/revisions\/245"}],"wp:attachment":[{"href":"https:\/\/esportsmesse.dk\/index.php?rest_route=%2Fwp%2Fv2%2Fmedia&parent=2"}],"curies":[{"name":"wp","href":"https:\/\/api.w.org\/{rel}","templated":true}]}}