{"id":197,"date":"2025-10-06T09:01:02","date_gmt":"2025-10-06T08:01:02","guid":{"rendered":"https:\/\/esportsmesse.dk\/?page_id=197"},"modified":"2025-10-06T09:04:03","modified_gmt":"2025-10-06T08:04:03","slug":"fc-26","status":"publish","type":"page","link":"https:\/\/esportsmesse.dk\/?page_id=197","title":{"rendered":"FC 26"},"content":{"rendered":"<p>[et_pb_section fb_built=&#8221;1&#8243; _builder_version=&#8221;4.27.4&#8243; _module_preset=&#8221;default&#8221; global_colors_info=&#8221;{}&#8221;][et_pb_row _builder_version=&#8221;4.27.4&#8243; _module_preset=&#8221;default&#8221; global_colors_info=&#8221;{}&#8221;][et_pb_column type=&#8221;4_4&#8243; _builder_version=&#8221;4.27.4&#8243; _module_preset=&#8221;default&#8221; global_colors_info=&#8221;{}&#8221;][et_pb_image src=&#8221;https:\/\/esportsmesse.dk\/wp-content\/uploads\/2025\/10\/maxresdefault.jpg&#8221; title_text=&#8221;maxresdefault&#8221; align=&#8221;center&#8221; _builder_version=&#8221;4.27.4&#8243; _module_preset=&#8221;default&#8221; module_alignment=&#8221;center&#8221; min_height=&#8221;214px&#8221; height=&#8221;302px&#8221; global_colors_info=&#8221;{}&#8221;][\/et_pb_image][\/et_pb_column][\/et_pb_row][et_pb_row _builder_version=&#8221;4.27.4&#8243; _module_preset=&#8221;default&#8221; global_colors_info=&#8221;{}&#8221;][et_pb_column type=&#8221;4_4&#8243; _builder_version=&#8221;4.27.4&#8243; _module_preset=&#8221;default&#8221; global_colors_info=&#8221;{}&#8221;][et_pb_text _builder_version=&#8221;4.27.4&#8243; _module_preset=&#8221;default&#8221; global_colors_info=&#8221;{}&#8221;]<\/p>\n<h1><strong>FC 26<\/strong><\/h1>\n<p><strong><\/strong><\/p>\n<p>1. 2 halvleg a 4 minutter<br \/>2. Uafgjorte kampe i knockout og finalespil afg\u00f8res ved klassisk forl\u00e6nget spilletid efterfulgt af<br \/>straffesparkskonkurrence, hvis kampen stadig er uafgjort.<br \/>3. Der m\u00e5 v\u00e6lges nyt hold i hver kamp.<br \/>4. Begge spillere m\u00e5 spille med samme hold.<br \/>5. All-Star hold m\u00e5 ikke v\u00e6lges.<br \/>6. Enhver handling der har til form\u00e5l at forstyrre modstanderens billede af kampen eller mulighed<br \/>for at v\u00e6lge kontrollerede spillere er forbudt.<br \/>7. Custom formations er ikke tilladt, men custom tactics er tilladt.<br \/>8. I enhver tvivlssituation skal en Gamemaster tilkaldes, og denne har altid sidste ord.<br \/>9. Det er kun tilladt at s\u00e6tte spillet p\u00e5 pause n\u00e5r man selv har bolden.<br \/>10. Ret til \u00e6ndring af regler samt udelukkelse af spillere forbeholdes uden varsel.<\/p>\n<p>[\/et_pb_text][\/et_pb_column][\/et_pb_row][et_pb_row _builder_version=&#8221;4.27.4&#8243; _module_preset=&#8221;default&#8221;][et_pb_column _builder_version=&#8221;4.27.4&#8243; _module_preset=&#8221;default&#8221; type=&#8221;4_4&#8243;][et_pb_text _builder_version=&#8221;4.27.4&#8243; _module_preset=&#8221;default&#8221; hover_enabled=&#8221;0&#8243; sticky_enabled=&#8221;0&#8243;]<\/p>\n<p>1. turnering 10:45 &#8211; 14:00 &#8211; Tilmelding sker ved standen fra 10:00 til 10:45<\/p>\n<p>2. turnering: 14:30 &#8211; 17:45 &#8211; Tilmelding sker ved standen fra 10:00 til 14:15<\/p>\n<p>[\/et_pb_text][\/et_pb_column][\/et_pb_row][\/et_pb_section]<\/p>\n","protected":false},"excerpt":{"rendered":"<p>FC 26 1. 2 halvleg a 4 minutter2. Uafgjorte kampe i knockout og finalespil afg\u00f8res ved klassisk forl\u00e6nget spilletid efterfulgt afstraffesparkskonkurrence, hvis kampen stadig er uafgjort.3. Der m\u00e5 v\u00e6lges nyt hold i hver kamp.4. Begge spillere m\u00e5 spille med samme hold.5. All-Star hold m\u00e5 ikke v\u00e6lges.6. Enhver handling der har til form\u00e5l at forstyrre modstanderens [&hellip;]<\/p>\n","protected":false},"author":2,"featured_media":0,"parent":0,"menu_order":0,"comment_status":"closed","ping_status":"closed","template":"","meta":{"_et_pb_use_builder":"on","_et_pb_old_content":"","_et_gb_content_width":"","_monsterinsights_skip_tracking":false,"_monsterinsights_sitenote_active":false,"_monsterinsights_sitenote_note":"","_monsterinsights_sitenote_category":0,"footnotes":""},"class_list":["post-197","page","type-page","status-publish","hentry"],"_links":{"self":[{"href":"https:\/\/esportsmesse.dk\/index.php?rest_route=\/wp\/v2\/pages\/197","targetHints":{"allow":["GET"]}}],"collection":[{"href":"https:\/\/esportsmesse.dk\/index.php?rest_route=\/wp\/v2\/pages"}],"about":[{"href":"https:\/\/esportsmesse.dk\/index.php?rest_route=\/wp\/v2\/types\/page"}],"author":[{"embeddable":true,"href":"https:\/\/esportsmesse.dk\/index.php?rest_route=\/wp\/v2\/users\/2"}],"replies":[{"embeddable":true,"href":"https:\/\/esportsmesse.dk\/index.php?rest_route=%2Fwp%2Fv2%2Fcomments&post=197"}],"version-history":[{"count":5,"href":"https:\/\/esportsmesse.dk\/index.php?rest_route=\/wp\/v2\/pages\/197\/revisions"}],"predecessor-version":[{"id":205,"href":"https:\/\/esportsmesse.dk\/index.php?rest_route=\/wp\/v2\/pages\/197\/revisions\/205"}],"wp:attachment":[{"href":"https:\/\/esportsmesse.dk\/index.php?rest_route=%2Fwp%2Fv2%2Fmedia&parent=197"}],"curies":[{"name":"wp","href":"https:\/\/api.w.org\/{rel}","templated":true}]}}