{"id":190,"date":"2025-10-05T11:43:48","date_gmt":"2025-10-05T10:43:48","guid":{"rendered":"https:\/\/esportsmesse.dk\/?page_id=190"},"modified":"2025-10-06T10:09:13","modified_gmt":"2025-10-06T09:09:13","slug":"counter-strike-2-2v2-turnering","status":"publish","type":"page","link":"https:\/\/esportsmesse.dk\/?page_id=190","title":{"rendered":"Counter strike 2 &#8211; 2v2 turnering"},"content":{"rendered":"<p>[et_pb_section fb_built=&#8221;1&#8243; _builder_version=&#8221;4.27.4&#8243; _module_preset=&#8221;default&#8221; custom_padding=&#8221;18px|||||&#8221; global_colors_info=&#8221;{}&#8221;][et_pb_row _builder_version=&#8221;4.27.4&#8243; _module_preset=&#8221;default&#8221; custom_padding=&#8221;0px|||||&#8221; global_colors_info=&#8221;{}&#8221;][et_pb_column type=&#8221;4_4&#8243; _builder_version=&#8221;4.27.4&#8243; _module_preset=&#8221;default&#8221; global_colors_info=&#8221;{}&#8221;][et_pb_image src=&#8221;https:\/\/esportsmesse.dk\/wp-content\/uploads\/2025\/09\/counter-strike-2-pc-mac-spil-steam-cover.jpg&#8221; title_text=&#8221;counter-strike-2-pc-mac-spil-steam-cover&#8221; _builder_version=&#8221;4.27.4&#8243; _module_preset=&#8221;default&#8221; width=&#8221;46%&#8221; module_alignment=&#8221;center&#8221; min_height=&#8221;100px&#8221; global_colors_info=&#8221;{}&#8221;][\/et_pb_image][\/et_pb_column][\/et_pb_row][et_pb_row _builder_version=&#8221;4.27.4&#8243; _module_preset=&#8221;default&#8221;][et_pb_column _builder_version=&#8221;4.27.4&#8243; _module_preset=&#8221;default&#8221; type=&#8221;4_4&#8243;][et_pb_text _builder_version=&#8221;4.27.4&#8243; _module_preset=&#8221;default&#8221; hover_enabled=&#8221;0&#8243; sticky_enabled=&#8221;0&#8243;]<\/p>\n<h2>Tilmelding<\/h2>\n<p>[\/et_pb_text][et_pb_text _builder_version=&#8221;4.27.4&#8243; _module_preset=&#8221;default&#8221;]<\/p>\n<p>I kan allerede tilmelde jer turneringen i Counter Strike wingman her ved at klikke p\u00e5 linket nedeunder<\/p>\n<p><a href=\"https:\/\/play.toornament.com\/en_US\/tournaments\/2319551651896928255\/\">Tilmeld jer her<\/a><\/p>\n<p>[\/et_pb_text][\/et_pb_column][\/et_pb_row][et_pb_row _builder_version=&#8221;4.27.4&#8243; _module_preset=&#8221;default&#8221; global_colors_info=&#8221;{}&#8221;][et_pb_column type=&#8221;4_4&#8243; _builder_version=&#8221;4.27.4&#8243; _module_preset=&#8221;default&#8221; global_colors_info=&#8221;{}&#8221;][et_pb_heading title=&#8221;Counter Strike 2 2v2 Turnerings regler&#8221; _builder_version=&#8221;4.27.4&#8243; _module_preset=&#8221;default&#8221; global_colors_info=&#8221;{}&#8221;][\/et_pb_heading][et_pb_text _builder_version=&#8221;4.27.4&#8243; _module_preset=&#8221;default&#8221; global_colors_info=&#8221;{}&#8221;]<\/p>\n<p>Counter Strike Wingman<br \/>\u00a71. Generelt<br \/>1.1 Alle p\u00e5 holdet skal v\u00e6re til stede ved S\u00f8nderborg Esportmesse for at kunne deltage i<br \/>konkurrencen.<br \/>1.2 Der spilles 2v2.<br \/>1.3 Turneringsformen er Single elimination.<br \/>1.4 I enhver tvivlssituation skal en Gamemaster tilkaldes, og denne har altid sidste ord.<br \/>\u00a72. Afvikling af spil<br \/>2.1 Der laves en veto mellem spillets 4 maps.<br \/>2.2a Map v\u00e6lges p\u00e5 f\u00f8lgende m\u00e5de:<br \/>\u2022 Hold A banner et map<br \/>\u2022 Hold B banner et map<br \/>\u2022 Hold A v\u00e6lger et map<br \/>\u2022 Hold B v\u00e6lger side at starte p\u00e5<br \/>2.2b Hold A er det hold der st\u00e5r \u00f8verst i bracket<br \/>2.3 Ved uafgjort spilles der overtime indtil en vinder er fundet.<br \/>2.4 Vinderholdet st\u00e5r for at rapporterer til en Gamemaster om score.<br \/>\u00a7 3 Udstyr<br \/>3.1 Man spiller p\u00e5 messens computer, men er velkommen til at bringe eget udstyr (tastatur, mus,<br \/>headset)<\/p>\n<p>[\/et_pb_text][\/et_pb_column][\/et_pb_row][\/et_pb_section]<\/p>\n","protected":false},"excerpt":{"rendered":"<p>TilmeldingI kan allerede tilmelde jer turneringen i Counter Strike wingman her ved at klikke p\u00e5 linket nedeunder Tilmeld jer herCounter Strike Wingman\u00a71. Generelt1.1 Alle p\u00e5 holdet skal v\u00e6re til stede ved S\u00f8nderborg Esportmesse for at kunne deltage ikonkurrencen.1.2 Der spilles 2v2.1.3 Turneringsformen er Single elimination.1.4 I enhver tvivlssituation skal en Gamemaster tilkaldes, og denne har [&hellip;]<\/p>\n","protected":false},"author":2,"featured_media":0,"parent":0,"menu_order":0,"comment_status":"closed","ping_status":"closed","template":"","meta":{"_et_pb_use_builder":"on","_et_pb_old_content":"","_et_gb_content_width":"","_monsterinsights_skip_tracking":false,"_monsterinsights_sitenote_active":false,"_monsterinsights_sitenote_note":"","_monsterinsights_sitenote_category":0,"footnotes":""},"class_list":["post-190","page","type-page","status-publish","hentry"],"_links":{"self":[{"href":"https:\/\/esportsmesse.dk\/index.php?rest_route=\/wp\/v2\/pages\/190","targetHints":{"allow":["GET"]}}],"collection":[{"href":"https:\/\/esportsmesse.dk\/index.php?rest_route=\/wp\/v2\/pages"}],"about":[{"href":"https:\/\/esportsmesse.dk\/index.php?rest_route=\/wp\/v2\/types\/page"}],"author":[{"embeddable":true,"href":"https:\/\/esportsmesse.dk\/index.php?rest_route=\/wp\/v2\/users\/2"}],"replies":[{"embeddable":true,"href":"https:\/\/esportsmesse.dk\/index.php?rest_route=%2Fwp%2Fv2%2Fcomments&post=190"}],"version-history":[{"count":5,"href":"https:\/\/esportsmesse.dk\/index.php?rest_route=\/wp\/v2\/pages\/190\/revisions"}],"predecessor-version":[{"id":216,"href":"https:\/\/esportsmesse.dk\/index.php?rest_route=\/wp\/v2\/pages\/190\/revisions\/216"}],"wp:attachment":[{"href":"https:\/\/esportsmesse.dk\/index.php?rest_route=%2Fwp%2Fv2%2Fmedia&parent=190"}],"curies":[{"name":"wp","href":"https:\/\/api.w.org\/{rel}","templated":true}]}}