{"id":167,"date":"2025-10-05T10:32:37","date_gmt":"2025-10-05T09:32:37","guid":{"rendered":"https:\/\/esportsmesse.dk\/?page_id=167"},"modified":"2025-10-05T10:45:46","modified_gmt":"2025-10-05T09:45:46","slug":"fortnite-turnering","status":"publish","type":"page","link":"https:\/\/esportsmesse.dk\/?page_id=167","title":{"rendered":"Fortnite turnering"},"content":{"rendered":"<p>[et_pb_section fb_built=&#8221;1&#8243; _builder_version=&#8221;4.27.4&#8243; _module_preset=&#8221;default&#8221; global_colors_info=&#8221;{}&#8221;][et_pb_row column_structure=&#8221;1_2,1_2&#8243; _builder_version=&#8221;4.27.4&#8243; _module_preset=&#8221;default&#8221; global_colors_info=&#8221;{}&#8221;][et_pb_column type=&#8221;1_2&#8243; _builder_version=&#8221;4.27.4&#8243; _module_preset=&#8221;default&#8221; global_colors_info=&#8221;{}&#8221;][et_pb_image src=&#8221;https:\/\/esportsmesse.dk\/wp-content\/uploads\/2025\/09\/images.jpg&#8221; title_text=&#8221;images&#8221; align=&#8221;center&#8221; _builder_version=&#8221;4.27.4&#8243; _module_preset=&#8221;default&#8221; global_colors_info=&#8221;{}&#8221;][\/et_pb_image][\/et_pb_column][et_pb_column type=&#8221;1_2&#8243; _builder_version=&#8221;4.27.4&#8243; _module_preset=&#8221;default&#8221; global_colors_info=&#8221;{}&#8221;][et_pb_image src=&#8221;https:\/\/esportsmesse.dk\/wp-content\/uploads\/2025\/09\/Logo-til-t_shirt-1.webp&#8221; title_text=&#8221;Logo-til-t_shirt-1&#8243; align=&#8221;right&#8221; _builder_version=&#8221;4.27.4&#8243; _module_preset=&#8221;default&#8221; width=&#8221;27%&#8221; hover_enabled=&#8221;0&#8243; global_colors_info=&#8221;{}&#8221; module_alignment=&#8221;center&#8221; sticky_enabled=&#8221;0&#8243;][\/et_pb_image][\/et_pb_column][\/et_pb_row][et_pb_row _builder_version=&#8221;4.27.4&#8243; _module_preset=&#8221;default&#8221; global_colors_info=&#8221;{}&#8221;][et_pb_column type=&#8221;4_4&#8243; _builder_version=&#8221;4.27.4&#8243; _module_preset=&#8221;default&#8221; global_colors_info=&#8221;{}&#8221;][et_pb_text _builder_version=&#8221;4.27.4&#8243; _module_preset=&#8221;default&#8221; global_colors_info=&#8221;{}&#8221;]<\/p>\n<h2><strong>Fortnite Turnerings regler<\/strong><\/h2>\n<div class=\"textLayer\" data-main-rotation=\"0\" tabindex=\"0\"><span class=\"markedContent\" id=\"p17R_mc2\"><br role=\"presentation\" \/><span role=\"presentation\" dir=\"ltr\">Gamemode:<\/span><\/span><span class=\"markedContent\" id=\"p17R_mc3\"><br role=\"presentation\" \/><span role=\"presentation\" dir=\"ltr\">Battle Royale Build &#8211; Solo<\/span><\/span><span class=\"markedContent\" id=\"p17R_mc4\"><br role=\"presentation\" \/><span role=\"presentation\" dir=\"ltr\"><\/span><\/span><\/div>\n<div class=\"textLayer\" data-main-rotation=\"0\" tabindex=\"0\"><span class=\"markedContent\"><span role=\"presentation\" dir=\"ltr\"><\/span><\/span><\/div>\n<div class=\"textLayer\" data-main-rotation=\"0\" tabindex=\"0\"><span class=\"markedContent\" id=\"p17R_mc4\"><span role=\"presentation\" dir=\"ltr\">Point:<\/span><\/span><span class=\"markedContent\" id=\"p17R_mc5\"><br role=\"presentation\" \/><span role=\"presentation\" dir=\"ltr\">1 kill = 1 point, flest point i et game vinder turneringen. Top<\/span><span role=\"presentation\" dir=\"ltr\">&#8211;<\/span><span role=\"presentation\" dir=\"ltr\">3 i point noteres.<\/span><\/span><span class=\"markedContent\" id=\"p17R_mc6\"><br role=\"presentation\" \/><span role=\"presentation\" dir=\"ltr\"><\/span><\/span><\/div>\n<div class=\"textLayer\" data-main-rotation=\"0\" tabindex=\"0\"><span class=\"markedContent\"><span role=\"presentation\" dir=\"ltr\"><\/span><\/span><\/div>\n<div class=\"textLayer\" data-main-rotation=\"0\" tabindex=\"0\"><span class=\"markedContent\" id=\"p17R_mc6\"><span role=\"presentation\" dir=\"ltr\">Tid:<\/span><\/span><span class=\"markedContent\" id=\"p17R_mc7\"><br role=\"presentation\" \/><span role=\"presentation\" dir=\"ltr\">10:00<\/span><span role=\"presentation\" dir=\"ltr\"> <\/span><span role=\"presentation\" dir=\"ltr\">\u2013<\/span><span role=\"presentation\" dir=\"ltr\"> 12:30<\/span><span role=\"presentation\" dir=\"ltr\">\u00a0<\/span><span role=\"presentation\" dir=\"ltr\">(<\/span><span role=\"presentation\" dir=\"ltr\">Igangv\u00e6rende spil der er starte<\/span><span role=\"presentation\" dir=\"ltr\">t f\u00f8r kl. 12<\/span><span role=\"presentation\" dir=\"ltr\">:30<\/span><span role=\"presentation\" dir=\"ltr\">\u00a0<\/span><span role=\"presentation\" dir=\"ltr\">bliver<\/span><span role=\"presentation\" dir=\"ltr\"> <\/span><span role=\"presentation\" dir=\"ltr\">spillet f\u00e6rdigt.<\/span><span role=\"presentation\" dir=\"ltr\">)<\/span><\/span><span class=\"markedContent\" id=\"p17R_mc8\"><br role=\"presentation\" \/><span role=\"presentation\" dir=\"ltr\"><\/span><\/span><\/div>\n<div class=\"textLayer\" data-main-rotation=\"0\" tabindex=\"0\"><span class=\"markedContent\"><span role=\"presentation\" dir=\"ltr\"><\/span><\/span><\/div>\n<div class=\"textLayer\" data-main-rotation=\"0\" tabindex=\"0\"><span class=\"markedContent\" id=\"p17R_mc8\"><span role=\"presentation\" dir=\"ltr\">13:45<\/span><span role=\"presentation\" dir=\"ltr\">\u00a0<\/span><span role=\"presentation\" dir=\"ltr\">\u2013<\/span><span role=\"presentation\" dir=\"ltr\"> <\/span><span role=\"presentation\" dir=\"ltr\">16:45<\/span><span role=\"presentation\" dir=\"ltr\">\u00a0<\/span><span role=\"presentation\" dir=\"ltr\">(Igangv\u00e6rende spil der er startet f<\/span><span role=\"presentation\" dir=\"ltr\">\u00f8r kl. 16:45 bliver<\/span><span role=\"presentation\" dir=\"ltr\"> <\/span><span role=\"presentation\" dir=\"ltr\">spillet f\u00e6rdigt.<\/span><span role=\"presentation\" dir=\"ltr\">)<\/span><\/span><span class=\"markedContent\" id=\"p17R_mc9\"><br role=\"presentation\" \/><span role=\"presentation\" dir=\"ltr\"><\/span><\/span><\/div>\n<div class=\"textLayer\" data-main-rotation=\"0\" tabindex=\"0\"><span class=\"markedContent\"><span role=\"presentation\" dir=\"ltr\"><\/span><\/span><\/div>\n<div class=\"textLayer\" data-main-rotation=\"0\" tabindex=\"0\"><span class=\"markedContent\" id=\"p17R_mc9\"><span role=\"presentation\" dir=\"ltr\">Registering af point\/turneringen<\/span><span role=\"presentation\" dir=\"ltr\">:<\/span><\/span><span class=\"markedContent\" id=\"p17R_mc10\"><br role=\"presentation\" \/><span role=\"presentation\" dir=\"ltr\">N\u00e5r man er d\u00f8d eller har vundet, marker med en arm oppe i luften at man er f\u00e6rdig s\u00e5 kommer en <\/span><span role=\"presentation\" dir=\"ltr\">dommer og registrerer antal kill<\/span><span role=\"presentation\" dir=\"ltr\">s<\/span><span role=\"presentation\" dir=\"ltr\">.<\/span><\/span><span class=\"markedContent\" id=\"p17R_mc11\"><br role=\"presentation\" \/><span role=\"presentation\" dir=\"ltr\"><\/span><\/span><\/div>\n<div class=\"textLayer\" data-main-rotation=\"0\" tabindex=\"0\"><span class=\"markedContent\"><span role=\"presentation\" dir=\"ltr\"><\/span><\/span><\/div>\n<div class=\"textLayer\" data-main-rotation=\"0\" tabindex=\"0\"><span class=\"markedContent\" id=\"p17R_mc11\"><span role=\"presentation\" dir=\"ltr\">Udstyr:<\/span><\/span><span class=\"markedContent\" id=\"p17R_mc12\"><br role=\"presentation\" \/><span role=\"presentation\" dir=\"ltr\">Medbra<\/span><span role=\"presentation\" dir=\"ltr\">gte controllers er p\u00e5 eget ansvar (S\u00f8rg selv for ledning)<\/span><\/span><span class=\"markedContent\" id=\"p17R_mc13\"><br role=\"presentation\" \/><span role=\"presentation\" dir=\"ltr\"><\/span><\/span><\/div>\n<div class=\"textLayer\" data-main-rotation=\"0\" tabindex=\"0\"><span class=\"markedContent\"><span role=\"presentation\" dir=\"ltr\"><\/span><\/span><\/div>\n<div class=\"textLayer\" data-main-rotation=\"0\" tabindex=\"0\"><span class=\"markedContent\" id=\"p17R_mc13\"><span role=\"presentation\" dir=\"ltr\">Antal fors\u00f8g:<\/span><\/span><span class=\"markedContent\" id=\"p17R_mc14\"><br role=\"presentation\" \/><span role=\"presentation\" dir=\"ltr\">N\u00e5r man er d\u00f8d\/f\u00e6rdig stiller man sig bagerst i k\u00f8en, hvis man vil pr\u00f8ve igen (Hvis denne regel <\/span><span role=\"presentation\" dir=\"ltr\">ikke f\u00f8lges, medf\u00f8re<\/span><span role=\"presentation\" dir=\"ltr\">r<\/span><span role=\"presentation\" dir=\"ltr\"> <\/span><span role=\"presentation\" dir=\"ltr\">det udelukkelse af turneringen)<\/span><\/span><span class=\"markedContent\" id=\"p17R_mc15\"><br role=\"presentation\" \/><span role=\"presentation\" dir=\"ltr\"><\/span><\/span><\/div>\n<div class=\"textLayer\" data-main-rotation=\"0\" tabindex=\"0\"><span class=\"markedContent\"><span role=\"presentation\" dir=\"ltr\"><\/span><\/span><\/div>\n<div class=\"textLayer\" data-main-rotation=\"0\" tabindex=\"0\"><span class=\"markedContent\" id=\"p17R_mc15\"><span role=\"presentation\" dir=\"ltr\">Account:<\/span><\/span><span class=\"markedContent\" id=\"p17R_mc16\"><br role=\"presentation\" \/><span role=\"presentation\" dir=\"ltr\">Man m\u00e5 kun bruge BCSyd kontoer i tu<\/span><span role=\"presentation\" dir=\"ltr\">rneringen.<\/span><\/span><span class=\"markedContent\" id=\"p17R_mc17\"><br role=\"presentation\" \/><span role=\"presentation\" dir=\"ltr\"><\/span><\/span><\/div>\n<div class=\"textLayer\" data-main-rotation=\"0\" tabindex=\"0\"><span class=\"markedContent\"><span role=\"presentation\" dir=\"ltr\"><\/span><\/span><\/div>\n<div class=\"textLayer\" data-main-rotation=\"0\" tabindex=\"0\"><span class=\"markedContent\" id=\"p17R_mc17\"><span role=\"presentation\" dir=\"ltr\">Indstillinger:<\/span><\/span><span class=\"markedContent\" id=\"p17R_mc18\"><br role=\"presentation\" \/><span role=\"presentation\" dir=\"ltr\">\u00c6ndring af spillets indstillinger er tilladt, s\u00e5 l\u00e6nge man husker at lave et<\/span><span role=\"presentation\" dir=\"ltr\"> <\/span><span role=\"presentation\" dir=\"ltr\">\u201d<\/span><span role=\"presentation\" dir=\"ltr\">Reset t<\/span><span role=\"presentation\" dir=\"ltr\">o default<\/span><span role=\"presentation\" dir=\"ltr\">\u201d<\/span><span role=\"presentation\" dir=\"ltr\">, n\u00e5r<\/span><br role=\"presentation\" \/><span role=\"presentation\" dir=\"ltr\">man er f\u00e6rdig.<\/span><\/span><span class=\"markedContent\" id=\"p17R_mc19\"><\/span><\/div>\n<p>[\/et_pb_text][\/et_pb_column][\/et_pb_row][\/et_pb_section]<\/p>\n","protected":false},"excerpt":{"rendered":"<p>Fortnite Turnerings regler Gamemode:Battle Royale Build &#8211; Solo Point:1 kill = 1 point, flest point i et game vinder turneringen. Top-3 i point noteres. Tid:10:00 \u2013 12:30\u00a0(Igangv\u00e6rende spil der er startet f\u00f8r kl. 12:30\u00a0bliver spillet f\u00e6rdigt.) 13:45\u00a0\u2013 16:45\u00a0(Igangv\u00e6rende spil der er startet f\u00f8r kl. 16:45 bliver spillet f\u00e6rdigt.) Registering af point\/turneringen:N\u00e5r man er d\u00f8d eller [&hellip;]<\/p>\n","protected":false},"author":2,"featured_media":0,"parent":0,"menu_order":0,"comment_status":"closed","ping_status":"closed","template":"","meta":{"_et_pb_use_builder":"on","_et_pb_old_content":"","_et_gb_content_width":"","_monsterinsights_skip_tracking":false,"_monsterinsights_sitenote_active":false,"_monsterinsights_sitenote_note":"","_monsterinsights_sitenote_category":0,"footnotes":""},"class_list":["post-167","page","type-page","status-publish","hentry"],"_links":{"self":[{"href":"https:\/\/esportsmesse.dk\/index.php?rest_route=\/wp\/v2\/pages\/167","targetHints":{"allow":["GET"]}}],"collection":[{"href":"https:\/\/esportsmesse.dk\/index.php?rest_route=\/wp\/v2\/pages"}],"about":[{"href":"https:\/\/esportsmesse.dk\/index.php?rest_route=\/wp\/v2\/types\/page"}],"author":[{"embeddable":true,"href":"https:\/\/esportsmesse.dk\/index.php?rest_route=\/wp\/v2\/users\/2"}],"replies":[{"embeddable":true,"href":"https:\/\/esportsmesse.dk\/index.php?rest_route=%2Fwp%2Fv2%2Fcomments&post=167"}],"version-history":[{"count":7,"href":"https:\/\/esportsmesse.dk\/index.php?rest_route=\/wp\/v2\/pages\/167\/revisions"}],"predecessor-version":[{"id":180,"href":"https:\/\/esportsmesse.dk\/index.php?rest_route=\/wp\/v2\/pages\/167\/revisions\/180"}],"wp:attachment":[{"href":"https:\/\/esportsmesse.dk\/index.php?rest_route=%2Fwp%2Fv2%2Fmedia&parent=167"}],"curies":[{"name":"wp","href":"https:\/\/api.w.org\/{rel}","templated":true}]}}